{"id":695,"date":"2025-10-07T15:52:05","date_gmt":"2025-10-07T15:52:05","guid":{"rendered":"https:\/\/caput.studio\/2025\/?page_id=695"},"modified":"2026-03-24T14:48:24","modified_gmt":"2026-03-24T14:48:24","slug":"work","status":"publish","type":"page","link":"https:\/\/caput.studio\/es\/work\/","title":{"rendered":"Trabajos"},"content":{"rendered":"<div id=\"fws_69d989dfb464e\"  data-column-margin=\"default\" data-midnight=\"dark\"  class=\"wpb_row vc_row-fluid vc_row\"  style=\"padding-top: 0px; padding-bottom: 0px; \"><div class=\"row-bg-wrap\" data-bg-animation=\"none\" data-bg-animation-delay=\"\" data-bg-overlay=\"false\"><div class=\"inner-wrap row-bg-layer\" ><div class=\"row-bg viewport-desktop\"  style=\"\"><\/div><\/div><\/div><div class=\"row_col_wrap_12 col span_12 dark left\">\n\t<div  class=\"vc_col-sm-12 wpb_column column_container vc_column_container col no-extra-padding inherit_tablet inherit_phone\"  data-padding-pos=\"all\" data-has-bg-color=\"false\" data-bg-color=\"\" data-bg-opacity=\"1\" data-animation=\"\" data-delay=\"0\" >\n\t\t<div class=\"vc_column-inner\" >\n\t\t\t<div class=\"wpb_wrapper\">\n\t\t\t\t<div class=\"divider-wrap\" data-alignment=\"default\"><div style=\"height: 32px;\" class=\"divider\"><\/div><\/div><div class=\"nectar-split-heading  font_size_48px font_line_height_1-4\" data-align=\"center\" data-m-align=\"inherit\" data-text-effect=\"default\" data-animation-type=\"line-reveal-by-space\" data-animation-delay=\"0\" data-animation-offset=\"\" data-m-rm-animation=\"\" data-stagger=\"\" data-custom-font-size=\"true\" style=\"font-size: 48px; line-height: 51.84px;\"><h1 style=\" color: #000000;\">Trabajos<\/h1><\/div><div class=\"divider-wrap\" data-alignment=\"default\"><div style=\"margin-top: 12.5px; height: 1px; margin-bottom: 12.5px;\" data-width=\"100%\" data-animate=\"yes\" data-animation-delay=\"200\" data-color=\"accent-color\" class=\"divider-border\"><\/div><\/div>\n\t\t\t<\/div> \n\t\t<\/div>\n\t<\/div> \n<\/div><\/div>\n\t\t<div id=\"fws_69d989dfb5629\"  data-column-margin=\"default\" data-midnight=\"light\" data-top-percent=\"-4%\" data-bottom-percent=\"4%\"  class=\"wpb_row vc_row-fluid vc_row full-width-content vc_row-o-equal-height vc_row-flex vc_row-o-content-top  top_padding_tablet_20pct top_padding_phone_3pct bottom_padding_tablet_20pct bottom_padding_phone_3pct\"  style=\"padding-top: calc(100vw * 0.0-4); padding-bottom: calc(100vw * 0.04); \"><div class=\"row-bg-wrap\" data-bg-animation=\"none\" data-bg-animation-delay=\"\" data-bg-overlay=\"false\"><div class=\"inner-wrap row-bg-layer\" ><div class=\"row-bg viewport-desktop using-bg-color\"  style=\"background-color: #FFFFFF; \"><\/div><\/div><\/div><div class=\"row_col_wrap_12 col span_12 light left\">\n\t<div style=\"margin-top: -2%; \" class=\"vc_col-sm-12 wpb_column column_container vc_column_container col neg-marg no-extra-padding inherit_tablet inherit_phone\"  data-padding-pos=\"all\" data-has-bg-color=\"false\" data-bg-color=\"\" data-bg-opacity=\"1\" data-animation=\"\" data-delay=\"0\" >\n\t\t<div class=\"vc_column-inner\" >\n\t\t\t<div class=\"wpb_wrapper\">\n\t\t\t\t<div class='nectar-post-grid-wrap text-color-dark spacing-25px' data-el-settings='{\"post_type\":\"portfolio\",\"pagination\":\"load-more\",\"image_size\":\"large\",\"parallax_scrolling\":\"\",\"aspect_ratio_image_size\":\"yes\",\"category_position\":\"default\",\"category_display\":\"default\",\"display_categories\":\"0\",\"display_excerpt\":\"yes\",\"excerpt_length\":\"25\",\"display_date\":\"0\",\"display_estimated_reading_time\":\"0\",\"display_author\":\"0\",\"author_functionality\":\"default\",\"author_position\":\"default\",\"color_overlay\":\"\",\"color_overlay_opacity\":\"\",\"color_overlay_hover_opacity\":\"\",\"card_bg_color\":\"\",\"grid_style\":\"content_under_image\",\"hover_effect\":\"zoom\",\"post_title_overlay\":\"\",\"heading_tag\":\"h3\",\"heading_tag_render\":\"default\",\"enable_gallery_lightbox\":\"0\",\"category_style\":\"underline\",\"overlay_secondary_project_image\":\"\",\"vertical_list_hover_effect\":\"none\",\"vertical_list_read_more\":\"\",\"read_more_button\":\"0\",\"animation\":\"fade-in-from-bottom\",\"custom_fields\":\"%5B%5D\",\"custom_fields_location\":\"before_post_meta\",\"display_type\":\"grid\",\"text_content_layout\":\"top_left\"}' data-style='content_under_image' data-query='{\"post_type\":\"portfolio\",\"posts_per_page\":\"15\",\"order\":\"ASC\",\"orderby\":\"date\",\"offset\":\"0\",\"cpt_name\":\"post\",\"custom_query_tax\":\"\",\"ignore_sticky_posts\":\"\",\"exclude_current_post\":\"\"}' data-load-more-color='accent-color' data-load-more-text='Load More'><div class=\"nectar-post-grid-filters\" data-active-color=\"default\" data-align=\"default\" data-animation=\"fade-in-from-bottom\" data-sortable=\"\"><div><a href=\"#\" data-filter=\"brand-strategy\" data-total-count=\"1\">Estrategia de marca<\/a><a href=\"#\" data-filter=\"branding\" data-total-count=\"2\">Branding<\/a><a href=\"#\" data-filter=\"e-commerce\" data-total-count=\"1\">e-Commerce<\/a><a href=\"#\" data-filter=\"identity\" data-total-count=\"3\">Identity<\/a><a href=\"#\" data-filter=\"illustration\" data-total-count=\"3\">Illustration<\/a><a href=\"#\" data-filter=\"packing\" data-total-count=\"4\">Packing<\/a><a href=\"#\" data-filter=\"software-development\" data-total-count=\"1\">Desarrollo de software<\/a><a href=\"#\" data-filter=\"ux-ui-design\" data-total-count=\"1\">UX\/UI Design<\/a><a href=\"#\" data-filter=\"visual-design\" data-total-count=\"4\">Visual Design<\/a><a href=\"#\" data-filter=\"web-app-development\" data-total-count=\"1\">Web App Development<\/a><a href=\"#\" data-filter=\"web-design\" data-total-count=\"1\">Web Design<\/a><a href=\"#\" data-filter=\"web-development\" data-total-count=\"1\">Web development<\/a><a href=\"#\" data-filter=\"work\" data-total-count=\"2\">Trabajos<\/a><\/div><\/div><div class=\"nectar-post-grid category-position-before-title\" data-indicator=\"\" data-indicator-style=\"default\" data-indicator-text-color=\"#fff\" data-indicator-color=\"#000\" data-indicator-text=\"View\" data-columns=\"3\" data-hover-effect=\"zoom\" data-text-style=\"default\" data-border-radius=\"none\" data-grid-item-height=\"30vh\" data-grid-spacing=\"25px\" data-text-layout=\"top_left\" data-text-color=\"dark\" data-text-hover-color=\"dark\" data-shadow-hover=\"\" data-animation=\"fade-in-from-bottom\" data-animation-stagger=\"90\" data-cat-click=\"default\"  data-lock-aspect=\"yes\"  data-text-align=\"left\" data-card=\"\" ><div class=\"nectar-post-grid-item\" data-post-id=\"382\" data-has-img=\"true\"> <div class=\"inner\"><div class=\"nectar-post-grid-item-bg-wrap\"><div class=\"nectar-post-grid-item-bg-wrap-inner\"><div class=\"nectar-post-grid-item-bg\"><img loading=\"lazy\" decoding=\"async\" class=\"nectar-lazy skip-lazy\" src=\"data:image\/svg+xml;charset=utf-8,%3Csvg%20xmlns%3D'http%3A%2F%2Fwww.w3.org%2F2000%2Fsvg'%20viewBox%3D'0%200%201080%20855'%2F%3E\" alt=\"\" height=\"855\" width=\"1080\" data-nectar-img-src=\"https:\/\/caput.studio\/wp-content\/uploads\/2025\/09\/home_bu_market-girl-1024x811.webp\" data-nectar-img-srcset=\"https:\/\/caput.studio\/wp-content\/uploads\/2025\/09\/home_bu_market-girl-1024x811.webp 1024w, https:\/\/caput.studio\/wp-content\/uploads\/2025\/09\/home_bu_market-girl-300x238.webp 300w, https:\/\/caput.studio\/wp-content\/uploads\/2025\/09\/home_bu_market-girl-768x608.webp 768w, https:\/\/caput.studio\/wp-content\/uploads\/2025\/09\/home_bu_market-girl.webp 1080w\" sizes=\"auto, (max-width: 1024px) 100vw, 1024px\" \/><\/div><\/div><\/div><div class=\"content\"><a class=\"nectar-post-grid-link\" href=\"https:\/\/caput.studio\/es\/portfolio\/bella-union\/\" ><span class=\"screen-reader-text\">Bella Uni\u00f3n\u00ae<\/span><\/a><div class=\"item-main\"><h3 class=\"post-heading\"><span>Bella Uni\u00f3n\u00ae<\/span><\/h3><div class=\"nectar-post-grid-item__excerpt-wrap item-meta-extra\"><span class=\"meta-excerpt\">Redise\u00f1o de identidad para una marca ic\u00f3nica<br>\r\n<span class=\"categorias\">Dise\u00f1o visual | Packaging | Identidad<\/span>\r\n<\/span><\/div><\/div><\/div><\/div><\/div><div class=\"nectar-post-grid-item\" data-post-id=\"627\" data-has-img=\"true\"> <div class=\"inner\"><div class=\"nectar-post-grid-item-bg-wrap\"><div class=\"nectar-post-grid-item-bg-wrap-inner\"><div class=\"nectar-post-grid-item-bg\"><img loading=\"lazy\" decoding=\"async\" class=\"nectar-lazy skip-lazy\" src=\"data:image\/svg+xml;charset=utf-8,%3Csvg%20xmlns%3D'http%3A%2F%2Fwww.w3.org%2F2000%2Fsvg'%20viewBox%3D'0%200%201080%20855'%2F%3E\" alt=\"\" height=\"855\" width=\"1080\" data-nectar-img-src=\"https:\/\/caput.studio\/wp-content\/uploads\/2025\/10\/home_novopren-carpet-1024x811.webp\" data-nectar-img-srcset=\"https:\/\/caput.studio\/wp-content\/uploads\/2025\/10\/home_novopren-carpet-1024x811.webp 1024w, https:\/\/caput.studio\/wp-content\/uploads\/2025\/10\/home_novopren-carpet-300x238.webp 300w, https:\/\/caput.studio\/wp-content\/uploads\/2025\/10\/home_novopren-carpet-768x608.webp 768w, https:\/\/caput.studio\/wp-content\/uploads\/2025\/10\/home_novopren-carpet.webp 1080w\" sizes=\"auto, (max-width: 1024px) 100vw, 1024px\" \/><\/div><\/div><\/div><div class=\"content\"><a class=\"nectar-post-grid-link\" href=\"https:\/\/caput.studio\/es\/portfolio\/novopren\/\" ><span class=\"screen-reader-text\">Novopren\u00ae<\/span><\/a><div class=\"item-main\"><h3 class=\"post-heading\"><span>Novopren\u00ae<\/span><\/h3><div class=\"nectar-post-grid-item__excerpt-wrap item-meta-extra\"><span class=\"meta-excerpt\">Adhesivo de contacto de alta calidad<br>\r\n<span class=\"categorias\">Dise\u00f1o visual | Packaging<\/span><\/span><\/div><\/div><\/div><\/div><\/div><div class=\"nectar-post-grid-item\" data-post-id=\"409\" data-has-img=\"true\"> <div class=\"inner\"><div class=\"nectar-post-grid-item-bg-wrap\"><div class=\"nectar-post-grid-item-bg-wrap-inner\"><div class=\"nectar-post-grid-item-bg\"><img loading=\"lazy\" decoding=\"async\" class=\"nectar-lazy skip-lazy\" src=\"data:image\/svg+xml;charset=utf-8,%3Csvg%20xmlns%3D'http%3A%2F%2Fwww.w3.org%2F2000%2Fsvg'%20viewBox%3D'0%200%201080%20855'%2F%3E\" alt=\"\" height=\"855\" width=\"1080\" data-nectar-img-src=\"https:\/\/caput.studio\/wp-content\/uploads\/2025\/09\/home_supergas-ancap-1024x811.webp\" data-nectar-img-srcset=\"https:\/\/caput.studio\/wp-content\/uploads\/2025\/09\/home_supergas-ancap-1024x811.webp 1024w, https:\/\/caput.studio\/wp-content\/uploads\/2025\/09\/home_supergas-ancap-300x238.webp 300w, https:\/\/caput.studio\/wp-content\/uploads\/2025\/09\/home_supergas-ancap-768x608.webp 768w, https:\/\/caput.studio\/wp-content\/uploads\/2025\/09\/home_supergas-ancap.webp 1080w\" sizes=\"auto, (max-width: 1024px) 100vw, 1024px\" \/><\/div><\/div><\/div><div class=\"content\"><a class=\"nectar-post-grid-link\" href=\"https:\/\/caput.studio\/es\/portfolio\/supergas-ancap\/\" ><span class=\"screen-reader-text\">Supergas ANCAP<\/span><\/a><div class=\"item-main\"><h3 class=\"post-heading\"><span>Supergas ANCAP<\/span><\/h3><div class=\"nectar-post-grid-item__excerpt-wrap item-meta-extra\"><span class=\"meta-excerpt\">Haciendo m\u00e1s c\u00e1lido el invierno<br>\r\n<span class=\"categorias\">Dise\u00f1o UX\/UI | Desarrollo de aplicaciones web<\/span>\r\n<\/span><\/div><\/div><\/div><\/div><\/div><div class=\"nectar-post-grid-item\" data-post-id=\"439\" data-has-img=\"true\"> <div class=\"inner\"><div class=\"nectar-post-grid-item-bg-wrap\"><div class=\"nectar-post-grid-item-bg-wrap-inner\"><div class=\"nectar-post-grid-item-bg\"><img loading=\"lazy\" decoding=\"async\" class=\"nectar-lazy skip-lazy\" src=\"data:image\/svg+xml;charset=utf-8,%3Csvg%20xmlns%3D'http%3A%2F%2Fwww.w3.org%2F2000%2Fsvg'%20viewBox%3D'0%200%201080%20855'%2F%3E\" alt=\"\" height=\"855\" width=\"1080\" data-nectar-img-src=\"https:\/\/caput.studio\/wp-content\/uploads\/2025\/09\/home_fubb-1024x811.webp\" data-nectar-img-srcset=\"https:\/\/caput.studio\/wp-content\/uploads\/2025\/09\/home_fubb-1024x811.webp 1024w, https:\/\/caput.studio\/wp-content\/uploads\/2025\/09\/home_fubb-300x238.webp 300w, https:\/\/caput.studio\/wp-content\/uploads\/2025\/09\/home_fubb-768x608.webp 768w, https:\/\/caput.studio\/wp-content\/uploads\/2025\/09\/home_fubb.webp 1080w\" sizes=\"auto, (max-width: 1024px) 100vw, 1024px\" \/><\/div><\/div><\/div><div class=\"content\"><a class=\"nectar-post-grid-link\" href=\"https:\/\/caput.studio\/es\/portfolio\/uruguayan-basketball-federation\/\" ><span class=\"screen-reader-text\">Federaci\u00f3n Uruguaya de Basketball<\/span><\/a><div class=\"item-main\"><h3 class=\"post-heading\"><span>Federaci\u00f3n Uruguaya de Basketball<\/span><\/h3><div class=\"nectar-post-grid-item__excerpt-wrap item-meta-extra\"><span class=\"meta-excerpt\">Plataforma de seguimiento de jugadores<br>\r\n<span class=\"categorias\">Desarrollo de software<\/span><\/span><\/div><\/div><\/div><\/div><\/div><div class=\"nectar-post-grid-item\" data-post-id=\"450\" data-has-img=\"true\"> <div class=\"inner\"><div class=\"nectar-post-grid-item-bg-wrap\"><div class=\"nectar-post-grid-item-bg-wrap-inner\"><div class=\"nectar-post-grid-item-bg\"><img loading=\"lazy\" decoding=\"async\" class=\"nectar-lazy skip-lazy\" src=\"data:image\/svg+xml;charset=utf-8,%3Csvg%20xmlns%3D'http%3A%2F%2Fwww.w3.org%2F2000%2Fsvg'%20viewBox%3D'0%200%201080%20855'%2F%3E\" alt=\"\" height=\"855\" width=\"1080\" data-nectar-img-src=\"https:\/\/caput.studio\/wp-content\/uploads\/2025\/09\/home_LSTE-visual-1024x811.webp\" data-nectar-img-srcset=\"https:\/\/caput.studio\/wp-content\/uploads\/2025\/09\/home_LSTE-visual-1024x811.webp 1024w, https:\/\/caput.studio\/wp-content\/uploads\/2025\/09\/home_LSTE-visual-300x238.webp 300w, https:\/\/caput.studio\/wp-content\/uploads\/2025\/09\/home_LSTE-visual-768x608.webp 768w, https:\/\/caput.studio\/wp-content\/uploads\/2025\/09\/home_LSTE-visual.webp 1080w\" sizes=\"auto, (max-width: 1024px) 100vw, 1024px\" \/><\/div><\/div><\/div><div class=\"content\"><a class=\"nectar-post-grid-link\" href=\"https:\/\/caput.studio\/es\/portfolio\/energy-is-transformed\/\" ><span class=\"screen-reader-text\">La Energ\u00eda Se Transforma<\/span><\/a><div class=\"item-main\"><h3 class=\"post-heading\"><span>La Energ\u00eda Se Transforma<\/span><\/h3><div class=\"nectar-post-grid-item__excerpt-wrap item-meta-extra\"><span class=\"meta-excerpt\">Reciclaje de aceite de cocina usado<br>\r\n<span class=\"categorias\">Dise\u00f1o visual | Estrategia de marca | Ilustraci\u00f3n<\/span>\r\n\r\n\r\n<\/span><\/div><\/div><\/div><\/div><\/div><div class=\"nectar-post-grid-item\" data-post-id=\"460\" data-has-img=\"true\"> <div class=\"inner\"><div class=\"nectar-post-grid-item-bg-wrap\"><div class=\"nectar-post-grid-item-bg-wrap-inner\"><div class=\"nectar-post-grid-item-bg\"><img loading=\"lazy\" decoding=\"async\" class=\"nectar-lazy skip-lazy\" src=\"data:image\/svg+xml;charset=utf-8,%3Csvg%20xmlns%3D'http%3A%2F%2Fwww.w3.org%2F2000%2Fsvg'%20viewBox%3D'0%200%201080%20855'%2F%3E\" alt=\"\" height=\"855\" width=\"1080\" data-nectar-img-src=\"https:\/\/caput.studio\/wp-content\/uploads\/2025\/09\/home_bebetitos-1-1024x811.jpg\" data-nectar-img-srcset=\"https:\/\/caput.studio\/wp-content\/uploads\/2025\/09\/home_bebetitos-1-1024x811.jpg 1024w, https:\/\/caput.studio\/wp-content\/uploads\/2025\/09\/home_bebetitos-1-300x238.jpg 300w, https:\/\/caput.studio\/wp-content\/uploads\/2025\/09\/home_bebetitos-1-768x608.jpg 768w, https:\/\/caput.studio\/wp-content\/uploads\/2025\/09\/home_bebetitos-1-15x12.jpg 15w, https:\/\/caput.studio\/wp-content\/uploads\/2025\/09\/home_bebetitos-1.jpg 1080w\" sizes=\"auto, (max-width: 1024px) 100vw, 1024px\" \/><\/div><\/div><\/div><div class=\"content\"><a class=\"nectar-post-grid-link\" href=\"https:\/\/caput.studio\/es\/portfolio\/bebetitos\/\" ><span class=\"screen-reader-text\">Bebetitos\u00ae<\/span><\/a><div class=\"item-main\"><h3 class=\"post-heading\"><span>Bebetitos\u00ae<\/span><\/h3><div class=\"nectar-post-grid-item__excerpt-wrap item-meta-extra\"><span class=\"meta-excerpt\">Productos org\u00e1nicos de higiene personal para madres y beb\u00e9s<br>\r\n<span class=\"categorias\">Dise\u00f1o visual | Packaging | Comercio electr\u00f3nico<\/span><\/span><\/div><\/div><\/div><\/div><\/div><div class=\"nectar-post-grid-item\" data-post-id=\"611\" data-has-img=\"true\"> <div class=\"inner\"><div class=\"nectar-post-grid-item-bg-wrap\"><div class=\"nectar-post-grid-item-bg-wrap-inner\"><div class=\"nectar-post-grid-item-bg\"><img loading=\"lazy\" decoding=\"async\" class=\"nectar-lazy skip-lazy\" src=\"data:image\/svg+xml;charset=utf-8,%3Csvg%20xmlns%3D'http%3A%2F%2Fwww.w3.org%2F2000%2Fsvg'%20viewBox%3D'0%200%201080%20855'%2F%3E\" alt=\"\" height=\"855\" width=\"1080\" data-nectar-img-src=\"https:\/\/caput.studio\/wp-content\/uploads\/2025\/10\/home_motion-design-1024x811.webp\" data-nectar-img-srcset=\"https:\/\/caput.studio\/wp-content\/uploads\/2025\/10\/home_motion-design-1024x811.webp 1024w, https:\/\/caput.studio\/wp-content\/uploads\/2025\/10\/home_motion-design-300x238.webp 300w, https:\/\/caput.studio\/wp-content\/uploads\/2025\/10\/home_motion-design-768x608.webp 768w, https:\/\/caput.studio\/wp-content\/uploads\/2025\/10\/home_motion-design.webp 1080w\" sizes=\"auto, (max-width: 1024px) 100vw, 1024px\" \/><\/div><\/div><\/div><div class=\"content\"><a class=\"nectar-post-grid-link\" href=\"https:\/\/caput.studio\/es\/portfolio\/motion-design\/\" ><span class=\"screen-reader-text\">Motion Graphics<\/span><\/a><div class=\"item-main\"><h3 class=\"post-heading\"><span>Motion Graphics<\/span><\/h3><div class=\"nectar-post-grid-item__excerpt-wrap item-meta-extra\"><span class=\"meta-excerpt\">Una selecci\u00f3n de nuestros mejores trabajos<br>\r\n<span class=\"categorias\">Direcci\u00f3n de arte | Gr\u00e1ficos en movimiento | Ilustraci\u00f3n<\/span><\/span><\/div><\/div><\/div><\/div><\/div><div class=\"nectar-post-grid-item\" data-post-id=\"614\" data-has-img=\"true\"> <div class=\"inner\"><div class=\"nectar-post-grid-item-bg-wrap\"><div class=\"nectar-post-grid-item-bg-wrap-inner\"><div class=\"nectar-post-grid-item-bg\"><img loading=\"lazy\" decoding=\"async\" class=\"nectar-lazy skip-lazy\" src=\"data:image\/svg+xml;charset=utf-8,%3Csvg%20xmlns%3D'http%3A%2F%2Fwww.w3.org%2F2000%2Fsvg'%20viewBox%3D'0%200%20429%20340'%2F%3E\" alt=\"\" height=\"340\" width=\"429\" data-nectar-img-src=\"https:\/\/caput.studio\/wp-content\/uploads\/2025\/10\/efcb270a-432b-4602-a8ba-e3ceb20750a9.webp\" data-nectar-img-srcset=\"https:\/\/caput.studio\/wp-content\/uploads\/2025\/10\/efcb270a-432b-4602-a8ba-e3ceb20750a9.webp 429w, https:\/\/caput.studio\/wp-content\/uploads\/2025\/10\/efcb270a-432b-4602-a8ba-e3ceb20750a9-300x238.webp 300w\" sizes=\"auto, (max-width: 429px) 100vw, 429px\" \/><\/div><\/div><\/div><div class=\"content\"><a class=\"nectar-post-grid-link\" href=\"https:\/\/caput.studio\/es\/portfolio\/wetestit\/\" ><span class=\"screen-reader-text\">WeTestIT<\/span><\/a><div class=\"item-main\"><h3 class=\"post-heading\"><span>WeTestIT<\/span><\/h3><div class=\"nectar-post-grid-item__excerpt-wrap item-meta-extra\"><span class=\"meta-excerpt\">Construyendo mejor software<br>\r\n<span class=\"categorias\">Desarrollo web<\/span><\/span><\/div><\/div><\/div><\/div><\/div><div class=\"nectar-post-grid-item\" data-post-id=\"398\" data-has-img=\"true\"> <div class=\"inner\"><div class=\"nectar-post-grid-item-bg-wrap\"><div class=\"nectar-post-grid-item-bg-wrap-inner\"><div class=\"nectar-post-grid-item-bg\"><img loading=\"lazy\" decoding=\"async\" class=\"nectar-lazy skip-lazy\" src=\"data:image\/svg+xml;charset=utf-8,%3Csvg%20xmlns%3D'http%3A%2F%2Fwww.w3.org%2F2000%2Fsvg'%20viewBox%3D'0%200%201080%20855'%2F%3E\" alt=\"\" height=\"855\" width=\"1080\" data-nectar-img-src=\"https:\/\/caput.studio\/wp-content\/uploads\/2025\/09\/home_3-cuartos-1024x811.webp\" data-nectar-img-srcset=\"https:\/\/caput.studio\/wp-content\/uploads\/2025\/09\/home_3-cuartos-1024x811.webp 1024w, https:\/\/caput.studio\/wp-content\/uploads\/2025\/09\/home_3-cuartos-300x238.webp 300w, https:\/\/caput.studio\/wp-content\/uploads\/2025\/09\/home_3-cuartos-768x608.webp 768w, https:\/\/caput.studio\/wp-content\/uploads\/2025\/09\/home_3-cuartos.webp 1080w\" sizes=\"auto, (max-width: 1024px) 100vw, 1024px\" \/><\/div><\/div><\/div><div class=\"content\"><a class=\"nectar-post-grid-link\" href=\"https:\/\/caput.studio\/es\/portfolio\/3cuartos-productions\/\" ><span class=\"screen-reader-text\">3Cuartos Producciones<\/span><\/a><div class=\"item-main\"><h3 class=\"post-heading\"><span>3Cuartos Producciones<\/span><\/h3><div class=\"nectar-post-grid-item__excerpt-wrap item-meta-extra\"><span class=\"meta-excerpt\">Lograr que los eventos corporativos sean memorables y exitosos<br>\r\n<span class=\"categorias\">Desarrollo web<\/span><\/span><\/div><\/div><\/div><\/div><\/div><div class=\"nectar-post-grid-item\" data-post-id=\"1004\" data-has-img=\"true\"> <div class=\"inner\"><div class=\"nectar-post-grid-item-bg-wrap\"><div class=\"nectar-post-grid-item-bg-wrap-inner\"><div class=\"nectar-post-grid-item-bg\"><img loading=\"lazy\" decoding=\"async\" class=\"nectar-lazy skip-lazy\" src=\"data:image\/svg+xml;charset=utf-8,%3Csvg%20xmlns%3D'http%3A%2F%2Fwww.w3.org%2F2000%2Fsvg'%20viewBox%3D'0%200%201080%20855'%2F%3E\" alt=\"home zap\" height=\"855\" width=\"1080\" data-nectar-img-src=\"https:\/\/caput.studio\/wp-content\/uploads\/2026\/02\/home_zap-1024x811.jpg\" data-nectar-img-srcset=\"https:\/\/caput.studio\/wp-content\/uploads\/2026\/02\/home_zap-1024x811.jpg 1024w, https:\/\/caput.studio\/wp-content\/uploads\/2026\/02\/home_zap-300x238.jpg 300w, https:\/\/caput.studio\/wp-content\/uploads\/2026\/02\/home_zap-768x608.jpg 768w, https:\/\/caput.studio\/wp-content\/uploads\/2026\/02\/home_zap-15x12.jpg 15w, https:\/\/caput.studio\/wp-content\/uploads\/2026\/02\/home_zap.jpg 1080w\" sizes=\"auto, (max-width: 1024px) 100vw, 1024px\" \/><\/div><\/div><\/div><div class=\"content\"><a class=\"nectar-post-grid-link\" href=\"https:\/\/caput.studio\/es\/portfolio\/zap\/\" ><span class=\"screen-reader-text\">ZAP!\u00ae<\/span><\/a><div class=\"item-main\"><h3 class=\"post-heading\"><span>ZAP!\u00ae<\/span><\/h3><div class=\"nectar-post-grid-item__excerpt-wrap item-meta-extra\"><span class=\"meta-excerpt\">Adhesivo instant\u00e1neo multiprop\u00f3sito<br>\r\n<span class=\"categorias\">Identidad de Marca | Dise\u00f1o Visual | Packaging<\/span><\/span><\/div><\/div><\/div><\/div><\/div><div class=\"nectar-post-grid-item\" data-post-id=\"1132\" data-has-img=\"true\"> <div class=\"inner\"><div class=\"nectar-post-grid-item-bg-wrap\"><div class=\"nectar-post-grid-item-bg-wrap-inner\"><div class=\"nectar-post-grid-item-bg\"><img loading=\"lazy\" decoding=\"async\" class=\"nectar-lazy skip-lazy\" src=\"data:image\/svg+xml;charset=utf-8,%3Csvg%20xmlns%3D'http%3A%2F%2Fwww.w3.org%2F2000%2Fsvg'%20viewBox%3D'0%200%201080%20855'%2F%3E\" alt=\"\" height=\"855\" width=\"1080\" data-nectar-img-src=\"https:\/\/caput.studio\/wp-content\/uploads\/2026\/04\/Imagen-principal-1024x811.jpg\" data-nectar-img-srcset=\"https:\/\/caput.studio\/wp-content\/uploads\/2026\/04\/Imagen-principal-1024x811.jpg 1024w, https:\/\/caput.studio\/wp-content\/uploads\/2026\/04\/Imagen-principal-300x238.jpg 300w, https:\/\/caput.studio\/wp-content\/uploads\/2026\/04\/Imagen-principal-768x608.jpg 768w, https:\/\/caput.studio\/wp-content\/uploads\/2026\/04\/Imagen-principal-15x12.jpg 15w, https:\/\/caput.studio\/wp-content\/uploads\/2026\/04\/Imagen-principal.jpg 1080w\" sizes=\"auto, (max-width: 1024px) 100vw, 1024px\" \/><\/div><\/div><\/div><div class=\"content\"><a class=\"nectar-post-grid-link\" href=\"https:\/\/caput.studio\/es\/portfolio\/alur-20-anos\/\" ><span class=\"screen-reader-text\">ALUR 20 A\u00d1OS<\/span><\/a><div class=\"item-main\"><h3 class=\"post-heading\"><span>ALUR 20 A\u00d1OS<\/span><\/h3><\/div><\/div><\/div><\/div><div class=\"nectar-post-grid-item\" data-post-id=\"1202\" data-has-img=\"true\"> <div class=\"inner\"><div class=\"nectar-post-grid-item-bg-wrap\"><div class=\"nectar-post-grid-item-bg-wrap-inner\"><div class=\"nectar-post-grid-item-bg\"><img loading=\"lazy\" decoding=\"async\" class=\"nectar-lazy skip-lazy\" src=\"data:image\/svg+xml;charset=utf-8,%3Csvg%20xmlns%3D'http%3A%2F%2Fwww.w3.org%2F2000%2Fsvg'%20viewBox%3D'0%200%201080%20855'%2F%3E\" alt=\"\" height=\"855\" width=\"1080\" data-nectar-img-src=\"https:\/\/caput.studio\/wp-content\/uploads\/2025\/12\/home_helix-tarta-1024x811.jpg\" data-nectar-img-srcset=\"https:\/\/caput.studio\/wp-content\/uploads\/2025\/12\/home_helix-tarta-1024x811.jpg 1024w, https:\/\/caput.studio\/wp-content\/uploads\/2025\/12\/home_helix-tarta-300x238.jpg 300w, https:\/\/caput.studio\/wp-content\/uploads\/2025\/12\/home_helix-tarta-768x608.jpg 768w, https:\/\/caput.studio\/wp-content\/uploads\/2025\/12\/home_helix-tarta-15x12.jpg 15w, https:\/\/caput.studio\/wp-content\/uploads\/2025\/12\/home_helix-tarta.jpg 1080w\" sizes=\"auto, (max-width: 1024px) 100vw, 1024px\" \/><\/div><\/div><\/div><div class=\"content\"><a class=\"nectar-post-grid-link\" href=\"https:\/\/caput.studio\/es\/portfolio\/helix-2\/\" ><span class=\"screen-reader-text\">Helix\u00ae<\/span><\/a><div class=\"item-main\"><h3 class=\"post-heading\"><span>Helix\u00ae<\/span><\/h3><div class=\"nectar-post-grid-item__excerpt-wrap item-meta-extra\"><span class=\"meta-excerpt\">Dise\u00f1o de identidad de productos para alimentos sin gluten<br>\r\n<span class=\"categorias\">Dise\u00f1o visual | Packaging<\/span>\r\n\r\n\r\n\r\n<\/span><\/div><\/div><\/div><\/div><\/div><\/div><\/div>\n\t\t\t<\/div> \n\t\t<\/div>\n\t<\/div> \n<\/div><\/div>","protected":false},"excerpt":{"rendered":"","protected":false},"author":1,"featured_media":0,"parent":0,"menu_order":0,"comment_status":"closed","ping_status":"closed","template":"","meta":{"footnotes":""},"class_list":["post-695","page","type-page","status-publish"],"_links":{"self":[{"href":"https:\/\/caput.studio\/es\/wp-json\/wp\/v2\/pages\/695","targetHints":{"allow":["GET"]}}],"collection":[{"href":"https:\/\/caput.studio\/es\/wp-json\/wp\/v2\/pages"}],"about":[{"href":"https:\/\/caput.studio\/es\/wp-json\/wp\/v2\/types\/page"}],"author":[{"embeddable":true,"href":"https:\/\/caput.studio\/es\/wp-json\/wp\/v2\/users\/1"}],"replies":[{"embeddable":true,"href":"https:\/\/caput.studio\/es\/wp-json\/wp\/v2\/comments?post=695"}],"version-history":[{"count":6,"href":"https:\/\/caput.studio\/es\/wp-json\/wp\/v2\/pages\/695\/revisions"}],"predecessor-version":[{"id":1084,"href":"https:\/\/caput.studio\/es\/wp-json\/wp\/v2\/pages\/695\/revisions\/1084"}],"wp:attachment":[{"href":"https:\/\/caput.studio\/es\/wp-json\/wp\/v2\/media?parent=695"}],"curies":[{"name":"wp","href":"https:\/\/api.w.org\/{rel}","templated":true}]}}